{"id":2,"date":"2015-09-22T08:31:36","date_gmt":"2015-09-22T08:31:36","guid":{"rendered":"http:\/\/laurys.fr\/?page_id=2"},"modified":"2015-11-17T16:39:20","modified_gmt":"2015-11-17T16:39:20","slug":"page-d-exemple","status":"publish","type":"page","link":"https:\/\/laurys.fr\/","title":{"rendered":"Accueil"},"content":{"rendered":"<p>LAURYS S.A.R.L.<\/p>\n<p>Concepti<a href=\"http:\/\/laurys.fr\/wp-content\/uploads\/2015\/09\/laurys.jpg\"><img decoding=\"async\" loading=\"lazy\" class=\"size-medium wp-image-51 alignright\" src=\"http:\/\/laurys.fr\/wp-content\/uploads\/2015\/09\/laurys-203x300.jpg\" alt=\"laurys\" width=\"203\" height=\"300\" srcset=\"https:\/\/laurys.fr\/wp-content\/uploads\/2015\/09\/laurys-203x300.jpg 203w, https:\/\/laurys.fr\/wp-content\/uploads\/2015\/09\/laurys.jpg 636w\" sizes=\"(max-width: 203px) 100vw, 203px\" \/><\/a>on en fabrication m\u00e9canique.<\/p>\n<ul>\n<li style=\"text-align: left;\">Ressources logiciel<br \/>\nAutocad \/ Catia \/ cr\u00e9o param\u00e9trique \/ T\u00e9kla<\/li>\n<li>Machines sp\u00e9ciales<br \/>\nConception \/ Fabrication ou suivi de fabrication<\/li>\n<li>Charpente m\u00e9tallique<br \/>\nMod\u00e9lisation3D \/ suivi de fabrication<\/li>\n<li>BTP<br \/>\nMod\u00e9lisation 3D \/ plans m\u00e9thodes<\/li>\n<li>Usinages<br \/>\nMod\u00e9lisation 3D pour export vers commandes num\u00e9riques<\/li>\n<li>Impression 3D<br \/>\nSortie en technologie &#8220;ABS&#8221; ou &#8220;pl\u00e2tre&#8221;<\/li>\n<\/ul>\n<p>Possibilit\u00e9 de travail en r\u00e9gie dans vos locaux avec\u00a0 notre mat\u00e9riel.<\/p>\n","protected":false},"excerpt":{"rendered":"<p>LAURYS S.A.R.L. Conception en fabrication m\u00e9canique. Ressources logiciel Autocad \/ Catia \/ cr\u00e9o param\u00e9trique \/ T\u00e9kla Machines sp\u00e9ciales Conception \/ Fabrication ou suivi de fabrication Charpente m\u00e9tallique Mod\u00e9lisation3D \/ suivi de fabrication BTP Mod\u00e9lisation 3D \/ plans m\u00e9thodes Usinages Mod\u00e9lisation 3D pour export vers commandes num\u00e9riques Impression 3D Sortie en technologie &#8220;ABS&#8221; ou &#8220;pl\u00e2tre&#8221; Possibilit\u00e9 &hellip; <a href=\"https:\/\/laurys.fr\/\" class=\"more-link\">Continue reading <span class=\"screen-reader-text\">Accueil<\/span> <span class=\"meta-nav\">&rarr;<\/span><\/a><\/p>\n","protected":false},"author":1,"featured_media":0,"parent":0,"menu_order":0,"comment_status":"closed","ping_status":"closed","template":"","meta":[],"_links":{"self":[{"href":"https:\/\/laurys.fr\/index.php?rest_route=\/wp\/v2\/pages\/2"}],"collection":[{"href":"https:\/\/laurys.fr\/index.php?rest_route=\/wp\/v2\/pages"}],"about":[{"href":"https:\/\/laurys.fr\/index.php?rest_route=\/wp\/v2\/types\/page"}],"author":[{"embeddable":true,"href":"https:\/\/laurys.fr\/index.php?rest_route=\/wp\/v2\/users\/1"}],"replies":[{"embeddable":true,"href":"https:\/\/laurys.fr\/index.php?rest_route=%2Fwp%2Fv2%2Fcomments&post=2"}],"version-history":[{"count":6,"href":"https:\/\/laurys.fr\/index.php?rest_route=\/wp\/v2\/pages\/2\/revisions"}],"predecessor-version":[{"id":53,"href":"https:\/\/laurys.fr\/index.php?rest_route=\/wp\/v2\/pages\/2\/revisions\/53"}],"wp:attachment":[{"href":"https:\/\/laurys.fr\/index.php?rest_route=%2Fwp%2Fv2%2Fmedia&parent=2"}],"curies":[{"name":"wp","href":"https:\/\/api.w.org\/{rel}","templated":true}]}}